{"id":1331,"date":"2025-11-20T19:46:32","date_gmt":"2025-11-20T17:46:32","guid":{"rendered":"https:\/\/www.transdiraman.com\/qui-som\/"},"modified":"2025-11-24T11:38:23","modified_gmt":"2025-11-24T09:38:23","slug":"quienes-somos","status":"publish","type":"page","link":"https:\/\/www.transdiraman.com\/es\/quienes-somos\/","title":{"rendered":"Qui\u00e9nes somos"},"content":{"rendered":"<div class=\"wpb-content-wrapper\"><p>[vc_row][vc_column width=\u00bb2\/4&#8243;][vc_single_image image=\u00bb1335&#8243; img_size=\u00bbfull\u00bb alignment=\u00bbcenter\u00bb css=\u00bb\u00bb][\/vc_column][vc_column width=\u00bb1\/4&#8243;]<h5 class='heading-content  style-1' ><span>QUI\u00c9NES SOMOS<\/span><\/h5>[vc_column_text css=\u00bb\u00bb]Somos una empresa de transporte con sede en Solsona especializada en el transporte de productos para el sector ganadero, principalmente pienso para ganado. Trabajamos con una flota optimizada de cubas y camiones de piso m\u00f3vil, que nos permite garantizar un servicio \u00e1gil, seguro y adaptado a las necesidades de cada explotaci\u00f3n.[\/vc_column_text][vc_empty_space height=\u00bb20px\u00bb][vc_single_image image=\u00bb1332&#8243; img_size=\u00bbfull\u00bb css=\u00bb\u00bb][vc_empty_space height=\u00bb20px\u00bb][\/vc_column][vc_column width=\u00bb1\/4&#8243;]<h5 class='heading-content  style-1' ><span>ACTIVIDAD<\/span><\/h5>[vc_column_text css=\u00bb\u00bb]Nuestra actividad se basa en la puntualidad, el control riguroso de las cargas y la correcta trazabilidad de los productos transportados. Nos caracteriza un trato cercano con los clientes, una log\u00edstica eficiente y un firme compromiso con la seguridad en todos los procesos de carga y descarga.[\/vc_column_text][vc_empty_space height=\u00bb20px\u00bb][vc_single_image image=\u00bb1333&#8243; img_size=\u00bbfull\u00bb css=\u00bb\u00bb][vc_empty_space height=\u00bb20px\u00bb][\/vc_column][\/vc_row]<\/p>\n<\/div>","protected":false},"excerpt":{"rendered":"<p>[vc_row][vc_column width=\u00bb2\/4&#8243;][vc_single_image image=\u00bb1335&#8243; img_size=\u00bbfull\u00bb alignment=\u00bbcenter\u00bb css=\u00bb\u00bb][\/vc_column][vc_column width=\u00bb1\/4&#8243;][vc_column_text css=\u00bb\u00bb]Somos una empresa de transporte con sede en Solsona especializada en el transporte de productos para el sector ganadero, principalmente pienso para ganado. Trabajamos con una flota optimizada de cubas y camiones de&#8230;<\/p>\n","protected":false},"author":1,"featured_media":0,"parent":0,"menu_order":2,"comment_status":"closed","ping_status":"open","template":"","meta":{"footnotes":""},"class_list":["post-1331","page","type-page","status-publish","hentry"],"aioseo_notices":[],"_links":{"self":[{"href":"https:\/\/www.transdiraman.com\/es\/wp-json\/wp\/v2\/pages\/1331","targetHints":{"allow":["GET"]}}],"collection":[{"href":"https:\/\/www.transdiraman.com\/es\/wp-json\/wp\/v2\/pages"}],"about":[{"href":"https:\/\/www.transdiraman.com\/es\/wp-json\/wp\/v2\/types\/page"}],"author":[{"embeddable":true,"href":"https:\/\/www.transdiraman.com\/es\/wp-json\/wp\/v2\/users\/1"}],"replies":[{"embeddable":true,"href":"https:\/\/www.transdiraman.com\/es\/wp-json\/wp\/v2\/comments?post=1331"}],"version-history":[{"count":5,"href":"https:\/\/www.transdiraman.com\/es\/wp-json\/wp\/v2\/pages\/1331\/revisions"}],"predecessor-version":[{"id":1343,"href":"https:\/\/www.transdiraman.com\/es\/wp-json\/wp\/v2\/pages\/1331\/revisions\/1343"}],"wp:attachment":[{"href":"https:\/\/www.transdiraman.com\/es\/wp-json\/wp\/v2\/media?parent=1331"}],"curies":[{"name":"wp","href":"https:\/\/api.w.org\/{rel}","templated":true}]}}